{"id":2458,"date":"2013-12-13T10:14:39","date_gmt":"2013-12-13T10:14:39","guid":{"rendered":"http:\/\/corfunorth.com\/wordpress\/?page_id=2458"},"modified":"2015-01-21T06:23:24","modified_gmt":"2015-01-21T06:23:24","slug":"prenotazione-traghetti","status":"publish","type":"page","link":"https:\/\/corfunorth.com\/it\/servizi\/prenotazione-traghetti\/","title":{"rendered":"Prenotazione Traghetti"},"content":{"rendered":"","protected":false},"excerpt":{"rendered":"","protected":false},"author":10002,"featured_media":0,"parent":2445,"menu_order":147,"comment_status":"closed","ping_status":"closed","template":"","meta":{"_acf_changed":false,"ngg_post_thumbnail":0,"footnotes":""},"class_list":["post-2458","page","type-page","status-publish","hentry"],"acf":[],"yoast_head":"<!-- This site is optimized with the Yoast SEO plugin v24.7 - https:\/\/yoast.com\/wordpress\/plugins\/seo\/ -->\n<title>Prenotazione Traghetti | Appartamenti a Corfu, Ville a Corfu<\/title>\n<meta name=\"description\" content=\"Appartamenti a Corf\u00f9, Appartamenti Corf\u00f9, Residence a Corfu, Case per vacanze a Corfu, vacanze a Corf\u00f9, Ville a Corf\u00f9, appartamenti in affitto a Corf\u00f9, case a Corf\u00f9\" \/>\n<meta name=\"robots\" content=\"index, follow, max-snippet:-1, max-image-preview:large, max-video-preview:-1\" \/>\n<link rel=\"canonical\" href=\"https:\/\/corfunorth.com\/it\/servizi\/prenotazione-traghetti\/\" \/>\n<meta property=\"og:locale\" content=\"it_IT\" \/>\n<meta property=\"og:type\" content=\"article\" \/>\n<meta property=\"og:title\" content=\"Prenotazione Traghetti | Appartamenti a Corfu, Ville a Corfu\" \/>\n<meta property=\"og:description\" content=\"Appartamenti a Corf\u00f9, Appartamenti Corf\u00f9, Residence a Corfu, Case per vacanze a Corfu, vacanze a Corf\u00f9, Ville a Corf\u00f9, appartamenti in affitto a Corf\u00f9, case a Corf\u00f9\" \/>\n<meta property=\"og:url\" content=\"https:\/\/corfunorth.com\/it\/servizi\/prenotazione-traghetti\/\" \/>\n<meta property=\"og:site_name\" content=\"Appartamenti a Corfu, Ville a Corfu\" \/>\n<meta property=\"article:publisher\" content=\"https:\/\/www.facebook.com\/pages\/CorfuNorthCom\/214643511896070\" \/>\n<meta property=\"article:modified_time\" content=\"2015-01-21T06:23:24+00:00\" \/>\n<meta property=\"og:image\" content=\"http:\/\/corfunorth.com\/wp-content\/themes\/corfunorth\/images\/ferry_long.gif\" \/>\n<script type=\"application\/ld+json\" class=\"yoast-schema-graph\">{\"@context\":\"https:\/\/schema.org\",\"@graph\":[{\"@type\":\"WebPage\",\"@id\":\"https:\/\/corfunorth.com\/it\/servizi\/prenotazione-traghetti\/\",\"url\":\"https:\/\/corfunorth.com\/it\/servizi\/prenotazione-traghetti\/\",\"name\":\"Prenotazione Traghetti | Appartamenti a Corfu, Ville a Corfu\",\"isPartOf\":{\"@id\":\"https:\/\/corfunorth.com\/#website\"},\"primaryImageOfPage\":{\"@id\":\"https:\/\/corfunorth.com\/it\/servizi\/prenotazione-traghetti\/#primaryimage\"},\"image\":{\"@id\":\"https:\/\/corfunorth.com\/it\/servizi\/prenotazione-traghetti\/#primaryimage\"},\"thumbnailUrl\":\"http:\/\/corfunorth.com\/wp-content\/themes\/corfunorth\/images\/ferry_long.gif\",\"datePublished\":\"2013-12-13T10:14:39+00:00\",\"dateModified\":\"2015-01-21T06:23:24+00:00\",\"description\":\"Appartamenti a Corf\u00f9, Appartamenti Corf\u00f9, Residence a Corfu, Case per vacanze a Corfu, vacanze a Corf\u00f9, Ville a Corf\u00f9, appartamenti in affitto a Corf\u00f9, case a Corf\u00f9\",\"breadcrumb\":{\"@id\":\"https:\/\/corfunorth.com\/it\/servizi\/prenotazione-traghetti\/#breadcrumb\"},\"inLanguage\":\"it-IT\",\"potentialAction\":[{\"@type\":\"ReadAction\",\"target\":[\"https:\/\/corfunorth.com\/it\/servizi\/prenotazione-traghetti\/\"]}]},{\"@type\":\"ImageObject\",\"inLanguage\":\"it-IT\",\"@id\":\"https:\/\/corfunorth.com\/it\/servizi\/prenotazione-traghetti\/#primaryimage\",\"url\":\"http:\/\/corfunorth.com\/wp-content\/themes\/corfunorth\/images\/ferry_long.gif\",\"contentUrl\":\"http:\/\/corfunorth.com\/wp-content\/themes\/corfunorth\/images\/ferry_long.gif\"},{\"@type\":\"BreadcrumbList\",\"@id\":\"https:\/\/corfunorth.com\/it\/servizi\/prenotazione-traghetti\/#breadcrumb\",\"itemListElement\":[{\"@type\":\"ListItem\",\"position\":1,\"name\":\"Home\",\"item\":\"https:\/\/corfunorth.com\/it\/\"},{\"@type\":\"ListItem\",\"position\":2,\"name\":\"Servizi\",\"item\":\"https:\/\/corfunorth.com\/it\/servizi\/\"},{\"@type\":\"ListItem\",\"position\":3,\"name\":\"Prenotazione Traghetti\"}]},{\"@type\":\"WebSite\",\"@id\":\"https:\/\/corfunorth.com\/#website\",\"url\":\"https:\/\/corfunorth.com\/\",\"name\":\"Appartamenti a Corfu, Ville a Corfu\",\"description\":\"Case vacanze in affitto a Corf\u00f9\",\"publisher\":{\"@id\":\"https:\/\/corfunorth.com\/#organization\"},\"potentialAction\":[{\"@type\":\"SearchAction\",\"target\":{\"@type\":\"EntryPoint\",\"urlTemplate\":\"https:\/\/corfunorth.com\/?s={search_term_string}\"},\"query-input\":{\"@type\":\"PropertyValueSpecification\",\"valueRequired\":true,\"valueName\":\"search_term_string\"}}],\"inLanguage\":\"it-IT\"},{\"@type\":\"Organization\",\"@id\":\"https:\/\/corfunorth.com\/#organization\",\"name\":\"Corfu North | Holiday rentals in Corfu\",\"url\":\"https:\/\/corfunorth.com\/\",\"logo\":{\"@type\":\"ImageObject\",\"inLanguage\":\"it-IT\",\"@id\":\"https:\/\/corfunorth.com\/#\/schema\/logo\/image\/\",\"url\":\"https:\/\/corfunorth.com\/wp-content\/uploads\/2014\/11\/corfunorth-logo.png\",\"contentUrl\":\"https:\/\/corfunorth.com\/wp-content\/uploads\/2014\/11\/corfunorth-logo.png\",\"width\":329,\"height\":85,\"caption\":\"Corfu North | Holiday rentals in Corfu\"},\"image\":{\"@id\":\"https:\/\/corfunorth.com\/#\/schema\/logo\/image\/\"},\"sameAs\":[\"https:\/\/www.facebook.com\/pages\/CorfuNorthCom\/214643511896070\"]}]}<\/script>\n<!-- \/ Yoast SEO plugin. -->","yoast_head_json":{"title":"Prenotazione Traghetti | Appartamenti a Corfu, Ville a Corfu","description":"Appartamenti a Corf\u00f9, Appartamenti Corf\u00f9, Residence a Corfu, Case per vacanze a Corfu, vacanze a Corf\u00f9, Ville a Corf\u00f9, appartamenti in affitto a Corf\u00f9, case a Corf\u00f9","robots":{"index":"index","follow":"follow","max-snippet":"max-snippet:-1","max-image-preview":"max-image-preview:large","max-video-preview":"max-video-preview:-1"},"canonical":"https:\/\/corfunorth.com\/it\/servizi\/prenotazione-traghetti\/","og_locale":"it_IT","og_type":"article","og_title":"Prenotazione Traghetti | Appartamenti a Corfu, Ville a Corfu","og_description":"Appartamenti a Corf\u00f9, Appartamenti Corf\u00f9, Residence a Corfu, Case per vacanze a Corfu, vacanze a Corf\u00f9, Ville a Corf\u00f9, appartamenti in affitto a Corf\u00f9, case a Corf\u00f9","og_url":"https:\/\/corfunorth.com\/it\/servizi\/prenotazione-traghetti\/","og_site_name":"Appartamenti a Corfu, Ville a Corfu","article_publisher":"https:\/\/www.facebook.com\/pages\/CorfuNorthCom\/214643511896070","article_modified_time":"2015-01-21T06:23:24+00:00","og_image":[{"url":"http:\/\/corfunorth.com\/wp-content\/themes\/corfunorth\/images\/ferry_long.gif","type":"","width":"","height":""}],"schema":{"@context":"https:\/\/schema.org","@graph":[{"@type":"WebPage","@id":"https:\/\/corfunorth.com\/it\/servizi\/prenotazione-traghetti\/","url":"https:\/\/corfunorth.com\/it\/servizi\/prenotazione-traghetti\/","name":"Prenotazione Traghetti | Appartamenti a Corfu, Ville a Corfu","isPartOf":{"@id":"https:\/\/corfunorth.com\/#website"},"primaryImageOfPage":{"@id":"https:\/\/corfunorth.com\/it\/servizi\/prenotazione-traghetti\/#primaryimage"},"image":{"@id":"https:\/\/corfunorth.com\/it\/servizi\/prenotazione-traghetti\/#primaryimage"},"thumbnailUrl":"http:\/\/corfunorth.com\/wp-content\/themes\/corfunorth\/images\/ferry_long.gif","datePublished":"2013-12-13T10:14:39+00:00","dateModified":"2015-01-21T06:23:24+00:00","description":"Appartamenti a Corf\u00f9, Appartamenti Corf\u00f9, Residence a Corfu, Case per vacanze a Corfu, vacanze a Corf\u00f9, Ville a Corf\u00f9, appartamenti in affitto a Corf\u00f9, case a Corf\u00f9","breadcrumb":{"@id":"https:\/\/corfunorth.com\/it\/servizi\/prenotazione-traghetti\/#breadcrumb"},"inLanguage":"it-IT","potentialAction":[{"@type":"ReadAction","target":["https:\/\/corfunorth.com\/it\/servizi\/prenotazione-traghetti\/"]}]},{"@type":"ImageObject","inLanguage":"it-IT","@id":"https:\/\/corfunorth.com\/it\/servizi\/prenotazione-traghetti\/#primaryimage","url":"http:\/\/corfunorth.com\/wp-content\/themes\/corfunorth\/images\/ferry_long.gif","contentUrl":"http:\/\/corfunorth.com\/wp-content\/themes\/corfunorth\/images\/ferry_long.gif"},{"@type":"BreadcrumbList","@id":"https:\/\/corfunorth.com\/it\/servizi\/prenotazione-traghetti\/#breadcrumb","itemListElement":[{"@type":"ListItem","position":1,"name":"Home","item":"https:\/\/corfunorth.com\/it\/"},{"@type":"ListItem","position":2,"name":"Servizi","item":"https:\/\/corfunorth.com\/it\/servizi\/"},{"@type":"ListItem","position":3,"name":"Prenotazione Traghetti"}]},{"@type":"WebSite","@id":"https:\/\/corfunorth.com\/#website","url":"https:\/\/corfunorth.com\/","name":"Appartamenti a Corfu, Ville a Corfu","description":"Case vacanze in affitto a Corf\u00f9","publisher":{"@id":"https:\/\/corfunorth.com\/#organization"},"potentialAction":[{"@type":"SearchAction","target":{"@type":"EntryPoint","urlTemplate":"https:\/\/corfunorth.com\/?s={search_term_string}"},"query-input":{"@type":"PropertyValueSpecification","valueRequired":true,"valueName":"search_term_string"}}],"inLanguage":"it-IT"},{"@type":"Organization","@id":"https:\/\/corfunorth.com\/#organization","name":"Corfu North | Holiday rentals in Corfu","url":"https:\/\/corfunorth.com\/","logo":{"@type":"ImageObject","inLanguage":"it-IT","@id":"https:\/\/corfunorth.com\/#\/schema\/logo\/image\/","url":"https:\/\/corfunorth.com\/wp-content\/uploads\/2014\/11\/corfunorth-logo.png","contentUrl":"https:\/\/corfunorth.com\/wp-content\/uploads\/2014\/11\/corfunorth-logo.png","width":329,"height":85,"caption":"Corfu North | Holiday rentals in Corfu"},"image":{"@id":"https:\/\/corfunorth.com\/#\/schema\/logo\/image\/"},"sameAs":["https:\/\/www.facebook.com\/pages\/CorfuNorthCom\/214643511896070"]}]}},"_links":{"self":[{"href":"https:\/\/corfunorth.com\/it\/wp-json\/wp\/v2\/pages\/2458"}],"collection":[{"href":"https:\/\/corfunorth.com\/it\/wp-json\/wp\/v2\/pages"}],"about":[{"href":"https:\/\/corfunorth.com\/it\/wp-json\/wp\/v2\/types\/page"}],"author":[{"embeddable":true,"href":"https:\/\/corfunorth.com\/it\/wp-json\/wp\/v2\/users\/10002"}],"replies":[{"embeddable":true,"href":"https:\/\/corfunorth.com\/it\/wp-json\/wp\/v2\/comments?post=2458"}],"version-history":[{"count":2,"href":"https:\/\/corfunorth.com\/it\/wp-json\/wp\/v2\/pages\/2458\/revisions"}],"predecessor-version":[{"id":8574,"href":"https:\/\/corfunorth.com\/it\/wp-json\/wp\/v2\/pages\/2458\/revisions\/8574"}],"up":[{"embeddable":true,"href":"https:\/\/corfunorth.com\/it\/wp-json\/wp\/v2\/pages\/2445"}],"wp:attachment":[{"href":"https:\/\/corfunorth.com\/it\/wp-json\/wp\/v2\/media?parent=2458"}],"curies":[{"name":"wp","href":"https:\/\/api.w.org\/{rel}","templated":true}]}}