{"id":2281,"date":"2013-12-13T08:00:56","date_gmt":"2013-12-13T08:00:56","guid":{"rendered":"http:\/\/corfunorth.com\/wordpress\/?page_id=2281"},"modified":"2013-12-13T08:00:56","modified_gmt":"2013-12-13T08:00:56","slug":"agios-stefanos-nord-est-corfu","status":"publish","type":"page","link":"https:\/\/corfunorth.com\/it\/localita-di-corfu\/agios-stefanos-nord-est-corfu\/","title":{"rendered":"Agios Stefanos Nord Est Corf\u00f9"},"content":{"rendered":"","protected":false},"excerpt":{"rendered":"","protected":false},"author":10002,"featured_media":0,"parent":2214,"menu_order":98,"comment_status":"closed","ping_status":"closed","template":"","meta":{"_acf_changed":false,"ngg_post_thumbnail":0,"footnotes":""},"class_list":["post-2281","page","type-page","status-publish","hentry"],"acf":[],"yoast_head":"<!-- This site is optimized with the Yoast SEO plugin v24.7 - https:\/\/yoast.com\/wordpress\/plugins\/seo\/ -->\n<title>Agios Stefanos Nord Est Corf\u00f9 | Appartamenti a Corfu, Ville a Corfu<\/title>\n<meta name=\"description\" content=\"Corf\u00f9 isola, appartamenti per vacanze famigliari, case da mare a Corf\u00f9\" \/>\n<meta name=\"robots\" content=\"index, follow, max-snippet:-1, max-image-preview:large, max-video-preview:-1\" \/>\n<link rel=\"canonical\" href=\"https:\/\/corfunorth.com\/it\/localita-di-corfu\/agios-stefanos-nord-est-corfu\/\" \/>\n<meta property=\"og:locale\" content=\"it_IT\" \/>\n<meta property=\"og:type\" content=\"article\" \/>\n<meta property=\"og:title\" content=\"Agios Stefanos Nord Est Corf\u00f9 | Appartamenti a Corfu, Ville a Corfu\" \/>\n<meta property=\"og:description\" content=\"Corf\u00f9 isola, appartamenti per vacanze famigliari, case da mare a Corf\u00f9\" \/>\n<meta property=\"og:url\" content=\"https:\/\/corfunorth.com\/it\/localita-di-corfu\/agios-stefanos-nord-est-corfu\/\" \/>\n<meta property=\"og:site_name\" content=\"Appartamenti a Corfu, Ville a Corfu\" \/>\n<meta property=\"article:publisher\" content=\"https:\/\/www.facebook.com\/pages\/CorfuNorthCom\/214643511896070\" \/>\n<meta property=\"og:image\" content=\"http:\/\/corfunorth.com\/wp-content\/uploads\/2013\/11\/01-s-150x150.jpg\" \/>\n<script type=\"application\/ld+json\" class=\"yoast-schema-graph\">{\"@context\":\"https:\/\/schema.org\",\"@graph\":[{\"@type\":\"WebPage\",\"@id\":\"https:\/\/corfunorth.com\/it\/localita-di-corfu\/agios-stefanos-nord-est-corfu\/\",\"url\":\"https:\/\/corfunorth.com\/it\/localita-di-corfu\/agios-stefanos-nord-est-corfu\/\",\"name\":\"Agios Stefanos Nord Est Corf\u00f9 | Appartamenti a Corfu, Ville a Corfu\",\"isPartOf\":{\"@id\":\"https:\/\/corfunorth.com\/#website\"},\"primaryImageOfPage\":{\"@id\":\"https:\/\/corfunorth.com\/it\/localita-di-corfu\/agios-stefanos-nord-est-corfu\/#primaryimage\"},\"image\":{\"@id\":\"https:\/\/corfunorth.com\/it\/localita-di-corfu\/agios-stefanos-nord-est-corfu\/#primaryimage\"},\"thumbnailUrl\":\"http:\/\/corfunorth.com\/wp-content\/uploads\/2013\/11\/01-s-150x150.jpg\",\"datePublished\":\"2013-12-13T08:00:56+00:00\",\"description\":\"Corf\u00f9 isola, appartamenti per vacanze famigliari, case da mare a Corf\u00f9\",\"breadcrumb\":{\"@id\":\"https:\/\/corfunorth.com\/it\/localita-di-corfu\/agios-stefanos-nord-est-corfu\/#breadcrumb\"},\"inLanguage\":\"it-IT\",\"potentialAction\":[{\"@type\":\"ReadAction\",\"target\":[\"https:\/\/corfunorth.com\/it\/localita-di-corfu\/agios-stefanos-nord-est-corfu\/\"]}]},{\"@type\":\"ImageObject\",\"inLanguage\":\"it-IT\",\"@id\":\"https:\/\/corfunorth.com\/it\/localita-di-corfu\/agios-stefanos-nord-est-corfu\/#primaryimage\",\"url\":\"http:\/\/corfunorth.com\/wp-content\/uploads\/2013\/11\/01-s-150x150.jpg\",\"contentUrl\":\"http:\/\/corfunorth.com\/wp-content\/uploads\/2013\/11\/01-s-150x150.jpg\"},{\"@type\":\"BreadcrumbList\",\"@id\":\"https:\/\/corfunorth.com\/it\/localita-di-corfu\/agios-stefanos-nord-est-corfu\/#breadcrumb\",\"itemListElement\":[{\"@type\":\"ListItem\",\"position\":1,\"name\":\"Home\",\"item\":\"https:\/\/corfunorth.com\/it\/\"},{\"@type\":\"ListItem\",\"position\":2,\"name\":\"Localita&#8217; di Corf\u00f9\",\"item\":\"https:\/\/corfunorth.com\/it\/localita-di-corfu\/\"},{\"@type\":\"ListItem\",\"position\":3,\"name\":\"Agios Stefanos Nord Est Corf\u00f9\"}]},{\"@type\":\"WebSite\",\"@id\":\"https:\/\/corfunorth.com\/#website\",\"url\":\"https:\/\/corfunorth.com\/\",\"name\":\"Appartamenti a Corfu, Ville a Corfu\",\"description\":\"Case vacanze in affitto a Corf\u00f9\",\"publisher\":{\"@id\":\"https:\/\/corfunorth.com\/#organization\"},\"potentialAction\":[{\"@type\":\"SearchAction\",\"target\":{\"@type\":\"EntryPoint\",\"urlTemplate\":\"https:\/\/corfunorth.com\/?s={search_term_string}\"},\"query-input\":{\"@type\":\"PropertyValueSpecification\",\"valueRequired\":true,\"valueName\":\"search_term_string\"}}],\"inLanguage\":\"it-IT\"},{\"@type\":\"Organization\",\"@id\":\"https:\/\/corfunorth.com\/#organization\",\"name\":\"Corfu North | Holiday rentals in Corfu\",\"url\":\"https:\/\/corfunorth.com\/\",\"logo\":{\"@type\":\"ImageObject\",\"inLanguage\":\"it-IT\",\"@id\":\"https:\/\/corfunorth.com\/#\/schema\/logo\/image\/\",\"url\":\"https:\/\/corfunorth.com\/wp-content\/uploads\/2014\/11\/corfunorth-logo.png\",\"contentUrl\":\"https:\/\/corfunorth.com\/wp-content\/uploads\/2014\/11\/corfunorth-logo.png\",\"width\":329,\"height\":85,\"caption\":\"Corfu North | Holiday rentals in Corfu\"},\"image\":{\"@id\":\"https:\/\/corfunorth.com\/#\/schema\/logo\/image\/\"},\"sameAs\":[\"https:\/\/www.facebook.com\/pages\/CorfuNorthCom\/214643511896070\"]}]}<\/script>\n<!-- \/ Yoast SEO plugin. -->","yoast_head_json":{"title":"Agios Stefanos Nord Est Corf\u00f9 | Appartamenti a Corfu, Ville a Corfu","description":"Corf\u00f9 isola, appartamenti per vacanze famigliari, case da mare a Corf\u00f9","robots":{"index":"index","follow":"follow","max-snippet":"max-snippet:-1","max-image-preview":"max-image-preview:large","max-video-preview":"max-video-preview:-1"},"canonical":"https:\/\/corfunorth.com\/it\/localita-di-corfu\/agios-stefanos-nord-est-corfu\/","og_locale":"it_IT","og_type":"article","og_title":"Agios Stefanos Nord Est Corf\u00f9 | Appartamenti a Corfu, Ville a Corfu","og_description":"Corf\u00f9 isola, appartamenti per vacanze famigliari, case da mare a Corf\u00f9","og_url":"https:\/\/corfunorth.com\/it\/localita-di-corfu\/agios-stefanos-nord-est-corfu\/","og_site_name":"Appartamenti a Corfu, Ville a Corfu","article_publisher":"https:\/\/www.facebook.com\/pages\/CorfuNorthCom\/214643511896070","og_image":[{"url":"http:\/\/corfunorth.com\/wp-content\/uploads\/2013\/11\/01-s-150x150.jpg","type":"","width":"","height":""}],"schema":{"@context":"https:\/\/schema.org","@graph":[{"@type":"WebPage","@id":"https:\/\/corfunorth.com\/it\/localita-di-corfu\/agios-stefanos-nord-est-corfu\/","url":"https:\/\/corfunorth.com\/it\/localita-di-corfu\/agios-stefanos-nord-est-corfu\/","name":"Agios Stefanos Nord Est Corf\u00f9 | Appartamenti a Corfu, Ville a Corfu","isPartOf":{"@id":"https:\/\/corfunorth.com\/#website"},"primaryImageOfPage":{"@id":"https:\/\/corfunorth.com\/it\/localita-di-corfu\/agios-stefanos-nord-est-corfu\/#primaryimage"},"image":{"@id":"https:\/\/corfunorth.com\/it\/localita-di-corfu\/agios-stefanos-nord-est-corfu\/#primaryimage"},"thumbnailUrl":"http:\/\/corfunorth.com\/wp-content\/uploads\/2013\/11\/01-s-150x150.jpg","datePublished":"2013-12-13T08:00:56+00:00","description":"Corf\u00f9 isola, appartamenti per vacanze famigliari, case da mare a Corf\u00f9","breadcrumb":{"@id":"https:\/\/corfunorth.com\/it\/localita-di-corfu\/agios-stefanos-nord-est-corfu\/#breadcrumb"},"inLanguage":"it-IT","potentialAction":[{"@type":"ReadAction","target":["https:\/\/corfunorth.com\/it\/localita-di-corfu\/agios-stefanos-nord-est-corfu\/"]}]},{"@type":"ImageObject","inLanguage":"it-IT","@id":"https:\/\/corfunorth.com\/it\/localita-di-corfu\/agios-stefanos-nord-est-corfu\/#primaryimage","url":"http:\/\/corfunorth.com\/wp-content\/uploads\/2013\/11\/01-s-150x150.jpg","contentUrl":"http:\/\/corfunorth.com\/wp-content\/uploads\/2013\/11\/01-s-150x150.jpg"},{"@type":"BreadcrumbList","@id":"https:\/\/corfunorth.com\/it\/localita-di-corfu\/agios-stefanos-nord-est-corfu\/#breadcrumb","itemListElement":[{"@type":"ListItem","position":1,"name":"Home","item":"https:\/\/corfunorth.com\/it\/"},{"@type":"ListItem","position":2,"name":"Localita&#8217; di Corf\u00f9","item":"https:\/\/corfunorth.com\/it\/localita-di-corfu\/"},{"@type":"ListItem","position":3,"name":"Agios Stefanos Nord Est Corf\u00f9"}]},{"@type":"WebSite","@id":"https:\/\/corfunorth.com\/#website","url":"https:\/\/corfunorth.com\/","name":"Appartamenti a Corfu, Ville a Corfu","description":"Case vacanze in affitto a Corf\u00f9","publisher":{"@id":"https:\/\/corfunorth.com\/#organization"},"potentialAction":[{"@type":"SearchAction","target":{"@type":"EntryPoint","urlTemplate":"https:\/\/corfunorth.com\/?s={search_term_string}"},"query-input":{"@type":"PropertyValueSpecification","valueRequired":true,"valueName":"search_term_string"}}],"inLanguage":"it-IT"},{"@type":"Organization","@id":"https:\/\/corfunorth.com\/#organization","name":"Corfu North | Holiday rentals in Corfu","url":"https:\/\/corfunorth.com\/","logo":{"@type":"ImageObject","inLanguage":"it-IT","@id":"https:\/\/corfunorth.com\/#\/schema\/logo\/image\/","url":"https:\/\/corfunorth.com\/wp-content\/uploads\/2014\/11\/corfunorth-logo.png","contentUrl":"https:\/\/corfunorth.com\/wp-content\/uploads\/2014\/11\/corfunorth-logo.png","width":329,"height":85,"caption":"Corfu North | Holiday rentals in Corfu"},"image":{"@id":"https:\/\/corfunorth.com\/#\/schema\/logo\/image\/"},"sameAs":["https:\/\/www.facebook.com\/pages\/CorfuNorthCom\/214643511896070"]}]}},"_links":{"self":[{"href":"https:\/\/corfunorth.com\/it\/wp-json\/wp\/v2\/pages\/2281"}],"collection":[{"href":"https:\/\/corfunorth.com\/it\/wp-json\/wp\/v2\/pages"}],"about":[{"href":"https:\/\/corfunorth.com\/it\/wp-json\/wp\/v2\/types\/page"}],"author":[{"embeddable":true,"href":"https:\/\/corfunorth.com\/it\/wp-json\/wp\/v2\/users\/10002"}],"replies":[{"embeddable":true,"href":"https:\/\/corfunorth.com\/it\/wp-json\/wp\/v2\/comments?post=2281"}],"version-history":[{"count":1,"href":"https:\/\/corfunorth.com\/it\/wp-json\/wp\/v2\/pages\/2281\/revisions"}],"predecessor-version":[{"id":2282,"href":"https:\/\/corfunorth.com\/it\/wp-json\/wp\/v2\/pages\/2281\/revisions\/2282"}],"up":[{"embeddable":true,"href":"https:\/\/corfunorth.com\/it\/wp-json\/wp\/v2\/pages\/2214"}],"wp:attachment":[{"href":"https:\/\/corfunorth.com\/it\/wp-json\/wp\/v2\/media?parent=2281"}],"curies":[{"name":"wp","href":"https:\/\/api.w.org\/{rel}","templated":true}]}}