{"id":2154,"date":"2013-12-11T11:50:03","date_gmt":"2013-12-11T11:50:03","guid":{"rendered":"http:\/\/corfunorth.com\/wordpress\/?page_id=2154"},"modified":"2015-02-14T11:50:31","modified_gmt":"2015-02-14T11:50:31","slug":"la-natura-di-corfu","status":"publish","type":"page","link":"https:\/\/corfunorth.com\/it\/la-natura-di-corfu\/","title":{"rendered":"Turismo Alternativo"},"content":{"rendered":"","protected":false},"excerpt":{"rendered":"","protected":false},"author":10002,"featured_media":0,"parent":0,"menu_order":65,"comment_status":"closed","ping_status":"closed","template":"","meta":{"_acf_changed":false,"ngg_post_thumbnail":0,"footnotes":""},"class_list":["post-2154","page","type-page","status-publish","hentry"],"acf":[],"yoast_head":"<!-- This site is optimized with the Yoast SEO plugin v24.7 - https:\/\/yoast.com\/wordpress\/plugins\/seo\/ -->\n<title>Turismo Alternativo, Vacanze a Corf\u00f9<\/title>\n<meta name=\"description\" content=\"Appartamenti a Corf\u00f9, Appartamenti Corf\u00f9, Residence a Corfu, Case per vacanze a Corfu, vacanze a Corf\u00f9, Ville a Corf\u00f9, appartamenti in affitto a Corf\u00f9, case a Corf\u00f9\" \/>\n<meta name=\"robots\" content=\"index, follow, max-snippet:-1, max-image-preview:large, max-video-preview:-1\" \/>\n<link rel=\"canonical\" href=\"https:\/\/corfunorth.com\/it\/la-natura-di-corfu\/\" \/>\n<meta property=\"og:locale\" content=\"it_IT\" \/>\n<meta property=\"og:type\" content=\"article\" \/>\n<meta property=\"og:title\" content=\"Turismo Alternativo, Vacanze a Corf\u00f9\" \/>\n<meta property=\"og:description\" content=\"Appartamenti a Corf\u00f9, Appartamenti Corf\u00f9, Residence a Corfu, Case per vacanze a Corfu, vacanze a Corf\u00f9, Ville a Corf\u00f9, appartamenti in affitto a Corf\u00f9, case a Corf\u00f9\" \/>\n<meta property=\"og:url\" content=\"https:\/\/corfunorth.com\/it\/la-natura-di-corfu\/\" \/>\n<meta property=\"og:site_name\" content=\"Appartamenti a Corfu, Ville a Corfu\" \/>\n<meta property=\"article:publisher\" content=\"https:\/\/www.facebook.com\/pages\/CorfuNorthCom\/214643511896070\" \/>\n<meta property=\"article:modified_time\" content=\"2015-02-14T11:50:31+00:00\" \/>\n<meta property=\"og:image\" content=\"http:\/\/corfunorth.com\/wp-content\/uploads\/2013\/11\/star-light-boat.jpg\" \/>\n<meta name=\"twitter:label1\" content=\"Tempo di lettura stimato\" \/>\n\t<meta name=\"twitter:data1\" content=\"1 minuto\" \/>\n<script type=\"application\/ld+json\" class=\"yoast-schema-graph\">{\"@context\":\"https:\/\/schema.org\",\"@graph\":[{\"@type\":\"WebPage\",\"@id\":\"https:\/\/corfunorth.com\/it\/la-natura-di-corfu\/\",\"url\":\"https:\/\/corfunorth.com\/it\/la-natura-di-corfu\/\",\"name\":\"Turismo Alternativo, Vacanze a Corf\u00f9\",\"isPartOf\":{\"@id\":\"https:\/\/corfunorth.com\/#website\"},\"primaryImageOfPage\":{\"@id\":\"https:\/\/corfunorth.com\/it\/la-natura-di-corfu\/#primaryimage\"},\"image\":{\"@id\":\"https:\/\/corfunorth.com\/it\/la-natura-di-corfu\/#primaryimage\"},\"thumbnailUrl\":\"http:\/\/corfunorth.com\/wp-content\/uploads\/2013\/11\/star-light-boat.jpg\",\"datePublished\":\"2013-12-11T11:50:03+00:00\",\"dateModified\":\"2015-02-14T11:50:31+00:00\",\"description\":\"Appartamenti a Corf\u00f9, Appartamenti Corf\u00f9, Residence a Corfu, Case per vacanze a Corfu, vacanze a Corf\u00f9, Ville a Corf\u00f9, appartamenti in affitto a Corf\u00f9, case a Corf\u00f9\",\"breadcrumb\":{\"@id\":\"https:\/\/corfunorth.com\/it\/la-natura-di-corfu\/#breadcrumb\"},\"inLanguage\":\"it-IT\",\"potentialAction\":[{\"@type\":\"ReadAction\",\"target\":[\"https:\/\/corfunorth.com\/it\/la-natura-di-corfu\/\"]}]},{\"@type\":\"ImageObject\",\"inLanguage\":\"it-IT\",\"@id\":\"https:\/\/corfunorth.com\/it\/la-natura-di-corfu\/#primaryimage\",\"url\":\"http:\/\/corfunorth.com\/wp-content\/uploads\/2013\/11\/star-light-boat.jpg\",\"contentUrl\":\"http:\/\/corfunorth.com\/wp-content\/uploads\/2013\/11\/star-light-boat.jpg\"},{\"@type\":\"BreadcrumbList\",\"@id\":\"https:\/\/corfunorth.com\/it\/la-natura-di-corfu\/#breadcrumb\",\"itemListElement\":[{\"@type\":\"ListItem\",\"position\":1,\"name\":\"Home\",\"item\":\"https:\/\/corfunorth.com\/it\/\"},{\"@type\":\"ListItem\",\"position\":2,\"name\":\"Turismo Alternativo\"}]},{\"@type\":\"WebSite\",\"@id\":\"https:\/\/corfunorth.com\/#website\",\"url\":\"https:\/\/corfunorth.com\/\",\"name\":\"Appartamenti a Corfu, Ville a Corfu\",\"description\":\"Case vacanze in affitto a Corf\u00f9\",\"publisher\":{\"@id\":\"https:\/\/corfunorth.com\/#organization\"},\"potentialAction\":[{\"@type\":\"SearchAction\",\"target\":{\"@type\":\"EntryPoint\",\"urlTemplate\":\"https:\/\/corfunorth.com\/?s={search_term_string}\"},\"query-input\":{\"@type\":\"PropertyValueSpecification\",\"valueRequired\":true,\"valueName\":\"search_term_string\"}}],\"inLanguage\":\"it-IT\"},{\"@type\":\"Organization\",\"@id\":\"https:\/\/corfunorth.com\/#organization\",\"name\":\"Corfu North | Holiday rentals in Corfu\",\"url\":\"https:\/\/corfunorth.com\/\",\"logo\":{\"@type\":\"ImageObject\",\"inLanguage\":\"it-IT\",\"@id\":\"https:\/\/corfunorth.com\/#\/schema\/logo\/image\/\",\"url\":\"https:\/\/corfunorth.com\/wp-content\/uploads\/2014\/11\/corfunorth-logo.png\",\"contentUrl\":\"https:\/\/corfunorth.com\/wp-content\/uploads\/2014\/11\/corfunorth-logo.png\",\"width\":329,\"height\":85,\"caption\":\"Corfu North | Holiday rentals in Corfu\"},\"image\":{\"@id\":\"https:\/\/corfunorth.com\/#\/schema\/logo\/image\/\"},\"sameAs\":[\"https:\/\/www.facebook.com\/pages\/CorfuNorthCom\/214643511896070\"]}]}<\/script>\n<!-- \/ Yoast SEO plugin. -->","yoast_head_json":{"title":"Turismo Alternativo, Vacanze a Corf\u00f9","description":"Appartamenti a Corf\u00f9, Appartamenti Corf\u00f9, Residence a Corfu, Case per vacanze a Corfu, vacanze a Corf\u00f9, Ville a Corf\u00f9, appartamenti in affitto a Corf\u00f9, case a Corf\u00f9","robots":{"index":"index","follow":"follow","max-snippet":"max-snippet:-1","max-image-preview":"max-image-preview:large","max-video-preview":"max-video-preview:-1"},"canonical":"https:\/\/corfunorth.com\/it\/la-natura-di-corfu\/","og_locale":"it_IT","og_type":"article","og_title":"Turismo Alternativo, Vacanze a Corf\u00f9","og_description":"Appartamenti a Corf\u00f9, Appartamenti Corf\u00f9, Residence a Corfu, Case per vacanze a Corfu, vacanze a Corf\u00f9, Ville a Corf\u00f9, appartamenti in affitto a Corf\u00f9, case a Corf\u00f9","og_url":"https:\/\/corfunorth.com\/it\/la-natura-di-corfu\/","og_site_name":"Appartamenti a Corfu, Ville a Corfu","article_publisher":"https:\/\/www.facebook.com\/pages\/CorfuNorthCom\/214643511896070","article_modified_time":"2015-02-14T11:50:31+00:00","og_image":[{"url":"http:\/\/corfunorth.com\/wp-content\/uploads\/2013\/11\/star-light-boat.jpg","type":"","width":"","height":""}],"twitter_misc":{"Tempo di lettura stimato":"1 minuto"},"schema":{"@context":"https:\/\/schema.org","@graph":[{"@type":"WebPage","@id":"https:\/\/corfunorth.com\/it\/la-natura-di-corfu\/","url":"https:\/\/corfunorth.com\/it\/la-natura-di-corfu\/","name":"Turismo Alternativo, Vacanze a Corf\u00f9","isPartOf":{"@id":"https:\/\/corfunorth.com\/#website"},"primaryImageOfPage":{"@id":"https:\/\/corfunorth.com\/it\/la-natura-di-corfu\/#primaryimage"},"image":{"@id":"https:\/\/corfunorth.com\/it\/la-natura-di-corfu\/#primaryimage"},"thumbnailUrl":"http:\/\/corfunorth.com\/wp-content\/uploads\/2013\/11\/star-light-boat.jpg","datePublished":"2013-12-11T11:50:03+00:00","dateModified":"2015-02-14T11:50:31+00:00","description":"Appartamenti a Corf\u00f9, Appartamenti Corf\u00f9, Residence a Corfu, Case per vacanze a Corfu, vacanze a Corf\u00f9, Ville a Corf\u00f9, appartamenti in affitto a Corf\u00f9, case a Corf\u00f9","breadcrumb":{"@id":"https:\/\/corfunorth.com\/it\/la-natura-di-corfu\/#breadcrumb"},"inLanguage":"it-IT","potentialAction":[{"@type":"ReadAction","target":["https:\/\/corfunorth.com\/it\/la-natura-di-corfu\/"]}]},{"@type":"ImageObject","inLanguage":"it-IT","@id":"https:\/\/corfunorth.com\/it\/la-natura-di-corfu\/#primaryimage","url":"http:\/\/corfunorth.com\/wp-content\/uploads\/2013\/11\/star-light-boat.jpg","contentUrl":"http:\/\/corfunorth.com\/wp-content\/uploads\/2013\/11\/star-light-boat.jpg"},{"@type":"BreadcrumbList","@id":"https:\/\/corfunorth.com\/it\/la-natura-di-corfu\/#breadcrumb","itemListElement":[{"@type":"ListItem","position":1,"name":"Home","item":"https:\/\/corfunorth.com\/it\/"},{"@type":"ListItem","position":2,"name":"Turismo Alternativo"}]},{"@type":"WebSite","@id":"https:\/\/corfunorth.com\/#website","url":"https:\/\/corfunorth.com\/","name":"Appartamenti a Corfu, Ville a Corfu","description":"Case vacanze in affitto a Corf\u00f9","publisher":{"@id":"https:\/\/corfunorth.com\/#organization"},"potentialAction":[{"@type":"SearchAction","target":{"@type":"EntryPoint","urlTemplate":"https:\/\/corfunorth.com\/?s={search_term_string}"},"query-input":{"@type":"PropertyValueSpecification","valueRequired":true,"valueName":"search_term_string"}}],"inLanguage":"it-IT"},{"@type":"Organization","@id":"https:\/\/corfunorth.com\/#organization","name":"Corfu North | Holiday rentals in Corfu","url":"https:\/\/corfunorth.com\/","logo":{"@type":"ImageObject","inLanguage":"it-IT","@id":"https:\/\/corfunorth.com\/#\/schema\/logo\/image\/","url":"https:\/\/corfunorth.com\/wp-content\/uploads\/2014\/11\/corfunorth-logo.png","contentUrl":"https:\/\/corfunorth.com\/wp-content\/uploads\/2014\/11\/corfunorth-logo.png","width":329,"height":85,"caption":"Corfu North | Holiday rentals in Corfu"},"image":{"@id":"https:\/\/corfunorth.com\/#\/schema\/logo\/image\/"},"sameAs":["https:\/\/www.facebook.com\/pages\/CorfuNorthCom\/214643511896070"]}]}},"_links":{"self":[{"href":"https:\/\/corfunorth.com\/it\/wp-json\/wp\/v2\/pages\/2154"}],"collection":[{"href":"https:\/\/corfunorth.com\/it\/wp-json\/wp\/v2\/pages"}],"about":[{"href":"https:\/\/corfunorth.com\/it\/wp-json\/wp\/v2\/types\/page"}],"author":[{"embeddable":true,"href":"https:\/\/corfunorth.com\/it\/wp-json\/wp\/v2\/users\/10002"}],"replies":[{"embeddable":true,"href":"https:\/\/corfunorth.com\/it\/wp-json\/wp\/v2\/comments?post=2154"}],"version-history":[{"count":5,"href":"https:\/\/corfunorth.com\/it\/wp-json\/wp\/v2\/pages\/2154\/revisions"}],"predecessor-version":[{"id":8790,"href":"https:\/\/corfunorth.com\/it\/wp-json\/wp\/v2\/pages\/2154\/revisions\/8790"}],"wp:attachment":[{"href":"https:\/\/corfunorth.com\/it\/wp-json\/wp\/v2\/media?parent=2154"}],"curies":[{"name":"wp","href":"https:\/\/api.w.org\/{rel}","templated":true}]}}