{"id":2452,"date":"2013-12-13T10:13:26","date_gmt":"2013-12-13T10:13:26","guid":{"rendered":"http:\/\/corfunorth.com\/wordpress\/?page_id=2452"},"modified":"2015-01-21T06:21:20","modified_gmt":"2015-01-21T06:21:20","slug":"faehrepassagen","status":"publish","type":"page","link":"https:\/\/corfunorth.com\/de\/leistungen\/faehrepassagen\/","title":{"rendered":"F\u00e4hrepassagen Italien-Korfu,Griechenland"},"content":{"rendered":"","protected":false},"excerpt":{"rendered":"","protected":false},"author":10002,"featured_media":0,"parent":2443,"menu_order":149,"comment_status":"closed","ping_status":"closed","template":"","meta":{"_acf_changed":false,"ngg_post_thumbnail":0,"footnotes":""},"class_list":["post-2452","page","type-page","status-publish","hentry"],"acf":[],"yoast_head":"<!-- This site is optimized with the Yoast SEO plugin v24.7 - https:\/\/yoast.com\/wordpress\/plugins\/seo\/ -->\n<title>F\u00e4hrepassagen Italien-Korfu,Griechenland | Korfu Ferienwohnungen und Ferienh\u00e4user<\/title>\n<meta name=\"description\" content=\"Korfu Unterk\u00fcnfte, Korfu Individualurlaub, Buchen Sie die sch\u00f6nsten Ferienwohnungen und Ferienh\u00e4user, Villen, Strand Villen auf der Insel Korfu von Privat\" \/>\n<meta name=\"robots\" content=\"index, follow, max-snippet:-1, max-image-preview:large, max-video-preview:-1\" \/>\n<link rel=\"canonical\" href=\"https:\/\/corfunorth.com\/de\/leistungen\/faehrepassagen\/\" \/>\n<meta property=\"og:locale\" content=\"de_DE\" \/>\n<meta property=\"og:type\" content=\"article\" \/>\n<meta property=\"og:title\" content=\"F\u00e4hrepassagen Italien-Korfu,Griechenland | Korfu Ferienwohnungen und Ferienh\u00e4user\" \/>\n<meta property=\"og:description\" content=\"Korfu Unterk\u00fcnfte, Korfu Individualurlaub, Buchen Sie die sch\u00f6nsten Ferienwohnungen und Ferienh\u00e4user, Villen, Strand Villen auf der Insel Korfu von Privat\" \/>\n<meta property=\"og:url\" content=\"https:\/\/corfunorth.com\/de\/leistungen\/faehrepassagen\/\" \/>\n<meta property=\"og:site_name\" content=\"Korfu Ferienwohnungen und Ferienh\u00e4user\" \/>\n<meta property=\"article:publisher\" content=\"https:\/\/www.facebook.com\/pages\/CorfuNorthCom\/214643511896070\" \/>\n<meta property=\"article:modified_time\" content=\"2015-01-21T06:21:20+00:00\" \/>\n<meta property=\"og:image\" content=\"http:\/\/corfunorth.com\/wp-content\/themes\/corfunorth\/images\/ferry_long.gif\" \/>\n<script type=\"application\/ld+json\" class=\"yoast-schema-graph\">{\"@context\":\"https:\/\/schema.org\",\"@graph\":[{\"@type\":\"WebPage\",\"@id\":\"https:\/\/corfunorth.com\/de\/leistungen\/faehrepassagen\/\",\"url\":\"https:\/\/corfunorth.com\/de\/leistungen\/faehrepassagen\/\",\"name\":\"F\u00e4hrepassagen Italien-Korfu,Griechenland | Korfu Ferienwohnungen und Ferienh\u00e4user\",\"isPartOf\":{\"@id\":\"https:\/\/corfunorth.com\/#website\"},\"primaryImageOfPage\":{\"@id\":\"https:\/\/corfunorth.com\/de\/leistungen\/faehrepassagen\/#primaryimage\"},\"image\":{\"@id\":\"https:\/\/corfunorth.com\/de\/leistungen\/faehrepassagen\/#primaryimage\"},\"thumbnailUrl\":\"http:\/\/corfunorth.com\/wp-content\/themes\/corfunorth\/images\/ferry_long.gif\",\"datePublished\":\"2013-12-13T10:13:26+00:00\",\"dateModified\":\"2015-01-21T06:21:20+00:00\",\"description\":\"Korfu Unterk\u00fcnfte, Korfu Individualurlaub, Buchen Sie die sch\u00f6nsten Ferienwohnungen und Ferienh\u00e4user, Villen, Strand Villen auf der Insel Korfu von Privat\",\"breadcrumb\":{\"@id\":\"https:\/\/corfunorth.com\/de\/leistungen\/faehrepassagen\/#breadcrumb\"},\"inLanguage\":\"de\",\"potentialAction\":[{\"@type\":\"ReadAction\",\"target\":[\"https:\/\/corfunorth.com\/de\/leistungen\/faehrepassagen\/\"]}]},{\"@type\":\"ImageObject\",\"inLanguage\":\"de\",\"@id\":\"https:\/\/corfunorth.com\/de\/leistungen\/faehrepassagen\/#primaryimage\",\"url\":\"http:\/\/corfunorth.com\/wp-content\/themes\/corfunorth\/images\/ferry_long.gif\",\"contentUrl\":\"http:\/\/corfunorth.com\/wp-content\/themes\/corfunorth\/images\/ferry_long.gif\"},{\"@type\":\"BreadcrumbList\",\"@id\":\"https:\/\/corfunorth.com\/de\/leistungen\/faehrepassagen\/#breadcrumb\",\"itemListElement\":[{\"@type\":\"ListItem\",\"position\":1,\"name\":\"Home\",\"item\":\"https:\/\/corfunorth.com\/de\/\"},{\"@type\":\"ListItem\",\"position\":2,\"name\":\"Leistungen\",\"item\":\"https:\/\/corfunorth.com\/de\/leistungen\/\"},{\"@type\":\"ListItem\",\"position\":3,\"name\":\"F\u00e4hrepassagen Italien-Korfu,Griechenland\"}]},{\"@type\":\"WebSite\",\"@id\":\"https:\/\/corfunorth.com\/#website\",\"url\":\"https:\/\/corfunorth.com\/\",\"name\":\"Korfu Ferienwohnungen und Ferienh\u00e4user\",\"description\":\"Ulraub auf Korfu\",\"publisher\":{\"@id\":\"https:\/\/corfunorth.com\/#organization\"},\"potentialAction\":[{\"@type\":\"SearchAction\",\"target\":{\"@type\":\"EntryPoint\",\"urlTemplate\":\"https:\/\/corfunorth.com\/?s={search_term_string}\"},\"query-input\":{\"@type\":\"PropertyValueSpecification\",\"valueRequired\":true,\"valueName\":\"search_term_string\"}}],\"inLanguage\":\"de\"},{\"@type\":\"Organization\",\"@id\":\"https:\/\/corfunorth.com\/#organization\",\"name\":\"Corfu North | Holiday rentals in Corfu\",\"url\":\"https:\/\/corfunorth.com\/\",\"logo\":{\"@type\":\"ImageObject\",\"inLanguage\":\"de\",\"@id\":\"https:\/\/corfunorth.com\/#\/schema\/logo\/image\/\",\"url\":\"https:\/\/corfunorth.com\/wp-content\/uploads\/2014\/11\/corfunorth-logo.png\",\"contentUrl\":\"https:\/\/corfunorth.com\/wp-content\/uploads\/2014\/11\/corfunorth-logo.png\",\"width\":329,\"height\":85,\"caption\":\"Corfu North | Holiday rentals in Corfu\"},\"image\":{\"@id\":\"https:\/\/corfunorth.com\/#\/schema\/logo\/image\/\"},\"sameAs\":[\"https:\/\/www.facebook.com\/pages\/CorfuNorthCom\/214643511896070\"]}]}<\/script>\n<!-- \/ Yoast SEO plugin. -->","yoast_head_json":{"title":"F\u00e4hrepassagen Italien-Korfu,Griechenland | Korfu Ferienwohnungen und Ferienh\u00e4user","description":"Korfu Unterk\u00fcnfte, Korfu Individualurlaub, Buchen Sie die sch\u00f6nsten Ferienwohnungen und Ferienh\u00e4user, Villen, Strand Villen auf der Insel Korfu von Privat","robots":{"index":"index","follow":"follow","max-snippet":"max-snippet:-1","max-image-preview":"max-image-preview:large","max-video-preview":"max-video-preview:-1"},"canonical":"https:\/\/corfunorth.com\/de\/leistungen\/faehrepassagen\/","og_locale":"de_DE","og_type":"article","og_title":"F\u00e4hrepassagen Italien-Korfu,Griechenland | Korfu Ferienwohnungen und Ferienh\u00e4user","og_description":"Korfu Unterk\u00fcnfte, Korfu Individualurlaub, Buchen Sie die sch\u00f6nsten Ferienwohnungen und Ferienh\u00e4user, Villen, Strand Villen auf der Insel Korfu von Privat","og_url":"https:\/\/corfunorth.com\/de\/leistungen\/faehrepassagen\/","og_site_name":"Korfu Ferienwohnungen und Ferienh\u00e4user","article_publisher":"https:\/\/www.facebook.com\/pages\/CorfuNorthCom\/214643511896070","article_modified_time":"2015-01-21T06:21:20+00:00","og_image":[{"url":"http:\/\/corfunorth.com\/wp-content\/themes\/corfunorth\/images\/ferry_long.gif","type":"","width":"","height":""}],"schema":{"@context":"https:\/\/schema.org","@graph":[{"@type":"WebPage","@id":"https:\/\/corfunorth.com\/de\/leistungen\/faehrepassagen\/","url":"https:\/\/corfunorth.com\/de\/leistungen\/faehrepassagen\/","name":"F\u00e4hrepassagen Italien-Korfu,Griechenland | Korfu Ferienwohnungen und Ferienh\u00e4user","isPartOf":{"@id":"https:\/\/corfunorth.com\/#website"},"primaryImageOfPage":{"@id":"https:\/\/corfunorth.com\/de\/leistungen\/faehrepassagen\/#primaryimage"},"image":{"@id":"https:\/\/corfunorth.com\/de\/leistungen\/faehrepassagen\/#primaryimage"},"thumbnailUrl":"http:\/\/corfunorth.com\/wp-content\/themes\/corfunorth\/images\/ferry_long.gif","datePublished":"2013-12-13T10:13:26+00:00","dateModified":"2015-01-21T06:21:20+00:00","description":"Korfu Unterk\u00fcnfte, Korfu Individualurlaub, Buchen Sie die sch\u00f6nsten Ferienwohnungen und Ferienh\u00e4user, Villen, Strand Villen auf der Insel Korfu von Privat","breadcrumb":{"@id":"https:\/\/corfunorth.com\/de\/leistungen\/faehrepassagen\/#breadcrumb"},"inLanguage":"de","potentialAction":[{"@type":"ReadAction","target":["https:\/\/corfunorth.com\/de\/leistungen\/faehrepassagen\/"]}]},{"@type":"ImageObject","inLanguage":"de","@id":"https:\/\/corfunorth.com\/de\/leistungen\/faehrepassagen\/#primaryimage","url":"http:\/\/corfunorth.com\/wp-content\/themes\/corfunorth\/images\/ferry_long.gif","contentUrl":"http:\/\/corfunorth.com\/wp-content\/themes\/corfunorth\/images\/ferry_long.gif"},{"@type":"BreadcrumbList","@id":"https:\/\/corfunorth.com\/de\/leistungen\/faehrepassagen\/#breadcrumb","itemListElement":[{"@type":"ListItem","position":1,"name":"Home","item":"https:\/\/corfunorth.com\/de\/"},{"@type":"ListItem","position":2,"name":"Leistungen","item":"https:\/\/corfunorth.com\/de\/leistungen\/"},{"@type":"ListItem","position":3,"name":"F\u00e4hrepassagen Italien-Korfu,Griechenland"}]},{"@type":"WebSite","@id":"https:\/\/corfunorth.com\/#website","url":"https:\/\/corfunorth.com\/","name":"Korfu Ferienwohnungen und Ferienh\u00e4user","description":"Ulraub auf Korfu","publisher":{"@id":"https:\/\/corfunorth.com\/#organization"},"potentialAction":[{"@type":"SearchAction","target":{"@type":"EntryPoint","urlTemplate":"https:\/\/corfunorth.com\/?s={search_term_string}"},"query-input":{"@type":"PropertyValueSpecification","valueRequired":true,"valueName":"search_term_string"}}],"inLanguage":"de"},{"@type":"Organization","@id":"https:\/\/corfunorth.com\/#organization","name":"Corfu North | Holiday rentals in Corfu","url":"https:\/\/corfunorth.com\/","logo":{"@type":"ImageObject","inLanguage":"de","@id":"https:\/\/corfunorth.com\/#\/schema\/logo\/image\/","url":"https:\/\/corfunorth.com\/wp-content\/uploads\/2014\/11\/corfunorth-logo.png","contentUrl":"https:\/\/corfunorth.com\/wp-content\/uploads\/2014\/11\/corfunorth-logo.png","width":329,"height":85,"caption":"Corfu North | Holiday rentals in Corfu"},"image":{"@id":"https:\/\/corfunorth.com\/#\/schema\/logo\/image\/"},"sameAs":["https:\/\/www.facebook.com\/pages\/CorfuNorthCom\/214643511896070"]}]}},"_links":{"self":[{"href":"https:\/\/corfunorth.com\/de\/wp-json\/wp\/v2\/pages\/2452"}],"collection":[{"href":"https:\/\/corfunorth.com\/de\/wp-json\/wp\/v2\/pages"}],"about":[{"href":"https:\/\/corfunorth.com\/de\/wp-json\/wp\/v2\/types\/page"}],"author":[{"embeddable":true,"href":"https:\/\/corfunorth.com\/de\/wp-json\/wp\/v2\/users\/10002"}],"replies":[{"embeddable":true,"href":"https:\/\/corfunorth.com\/de\/wp-json\/wp\/v2\/comments?post=2452"}],"version-history":[{"count":2,"href":"https:\/\/corfunorth.com\/de\/wp-json\/wp\/v2\/pages\/2452\/revisions"}],"predecessor-version":[{"id":8573,"href":"https:\/\/corfunorth.com\/de\/wp-json\/wp\/v2\/pages\/2452\/revisions\/8573"}],"up":[{"embeddable":true,"href":"https:\/\/corfunorth.com\/de\/wp-json\/wp\/v2\/pages\/2443"}],"wp:attachment":[{"href":"https:\/\/corfunorth.com\/de\/wp-json\/wp\/v2\/media?parent=2452"}],"curies":[{"name":"wp","href":"https:\/\/api.w.org\/{rel}","templated":true}]}}