{"id":2266,"date":"2013-12-13T07:53:25","date_gmt":"2013-12-13T07:53:25","guid":{"rendered":"http:\/\/corfunorth.com\/wordpress\/?page_id=2266"},"modified":"2013-12-13T07:53:25","modified_gmt":"2013-12-13T07:53:25","slug":"114-acharavi-beach-area","status":"publish","type":"page","link":"https:\/\/corfunorth.com\/de\/korfu-gebiet\/114-acharavi-beach-area\/","title":{"rendered":"Acharavi Lage"},"content":{"rendered":"","protected":false},"excerpt":{"rendered":"","protected":false},"author":10002,"featured_media":0,"parent":2212,"menu_order":101,"comment_status":"closed","ping_status":"closed","template":"","meta":{"_acf_changed":false,"ngg_post_thumbnail":0,"footnotes":""},"class_list":["post-2266","page","type-page","status-publish","hentry"],"acf":[],"yoast_head":"<!-- This site is optimized with the Yoast SEO plugin v24.7 - https:\/\/yoast.com\/wordpress\/plugins\/seo\/ -->\n<title>Acharavi Lage | Korfu Ferienwohnungen und Ferienh\u00e4user<\/title>\n<meta name=\"description\" content=\"Ferienhaus auf Korfu,Ferienhaus Korfu Ferienh\u00e4user auf Korfu Ferienh\u00e4user Korfu Ferienwohnung auf Korfu Ferienwohnungen Korfu Ferienwohnung Korfu, Ferienh\u00e4user, Ferienhaus in Strandn\u00e4he, F\u00e4hren, F\u00e4hre, Mietwagen, Fl\u00fcge, Flug, Mietauto, Wandern Wir sind spezialisiert auf den Norden der Insel Korfu und bieten Ihnen private Villen, Appartements, Studios und G\u00e4stezimmer zu attraktiven Preisen. Alle Ferienh\u00e4user und Ferienwohnungen sind geschmackvoll und komplett eingerichtet und harmonisch in die Umgebung eingebettet.\" \/>\n<meta name=\"robots\" content=\"index, follow, max-snippet:-1, max-image-preview:large, max-video-preview:-1\" \/>\n<link rel=\"canonical\" href=\"https:\/\/corfunorth.com\/de\/korfu-gebiet\/114-acharavi-beach-area\/\" \/>\n<meta property=\"og:locale\" content=\"de_DE\" \/>\n<meta property=\"og:type\" content=\"article\" \/>\n<meta property=\"og:title\" content=\"Acharavi Lage | Korfu Ferienwohnungen und Ferienh\u00e4user\" \/>\n<meta property=\"og:description\" content=\"Ferienhaus auf Korfu,Ferienhaus Korfu Ferienh\u00e4user auf Korfu Ferienh\u00e4user Korfu Ferienwohnung auf Korfu Ferienwohnungen Korfu Ferienwohnung Korfu, Ferienh\u00e4user, Ferienhaus in Strandn\u00e4he, F\u00e4hren, F\u00e4hre, Mietwagen, Fl\u00fcge, Flug, Mietauto, Wandern Wir sind spezialisiert auf den Norden der Insel Korfu und bieten Ihnen private Villen, Appartements, Studios und G\u00e4stezimmer zu attraktiven Preisen. Alle Ferienh\u00e4user und Ferienwohnungen sind geschmackvoll und komplett eingerichtet und harmonisch in die Umgebung eingebettet.\" \/>\n<meta property=\"og:url\" content=\"https:\/\/corfunorth.com\/de\/korfu-gebiet\/114-acharavi-beach-area\/\" \/>\n<meta property=\"og:site_name\" content=\"Korfu Ferienwohnungen und Ferienh\u00e4user\" \/>\n<meta property=\"article:publisher\" content=\"https:\/\/www.facebook.com\/pages\/CorfuNorthCom\/214643511896070\" \/>\n<meta property=\"og:image\" content=\"http:\/\/corfunorth.com\/wp-content\/uploads\/2013\/11\/01-acaharvi-150x150.jpg\" \/>\n<meta name=\"twitter:label1\" content=\"Gesch\u00e4tzte Lesezeit\" \/>\n\t<meta name=\"twitter:data1\" content=\"1\u00a0Minute\" \/>\n<script type=\"application\/ld+json\" class=\"yoast-schema-graph\">{\"@context\":\"https:\/\/schema.org\",\"@graph\":[{\"@type\":\"WebPage\",\"@id\":\"https:\/\/corfunorth.com\/de\/korfu-gebiet\/114-acharavi-beach-area\/\",\"url\":\"https:\/\/corfunorth.com\/de\/korfu-gebiet\/114-acharavi-beach-area\/\",\"name\":\"Acharavi Lage | Korfu Ferienwohnungen und Ferienh\u00e4user\",\"isPartOf\":{\"@id\":\"https:\/\/corfunorth.com\/#website\"},\"primaryImageOfPage\":{\"@id\":\"https:\/\/corfunorth.com\/de\/korfu-gebiet\/114-acharavi-beach-area\/#primaryimage\"},\"image\":{\"@id\":\"https:\/\/corfunorth.com\/de\/korfu-gebiet\/114-acharavi-beach-area\/#primaryimage\"},\"thumbnailUrl\":\"http:\/\/corfunorth.com\/wp-content\/uploads\/2013\/11\/01-acaharvi-150x150.jpg\",\"datePublished\":\"2013-12-13T07:53:25+00:00\",\"description\":\"Ferienhaus auf Korfu,Ferienhaus Korfu Ferienh\u00e4user auf Korfu Ferienh\u00e4user Korfu Ferienwohnung auf Korfu Ferienwohnungen Korfu Ferienwohnung Korfu, Ferienh\u00e4user, Ferienhaus in Strandn\u00e4he, F\u00e4hren, F\u00e4hre, Mietwagen, Fl\u00fcge, Flug, Mietauto, Wandern Wir sind spezialisiert auf den Norden der Insel Korfu und bieten Ihnen private Villen, Appartements, Studios und G\u00e4stezimmer zu attraktiven Preisen. Alle Ferienh\u00e4user und Ferienwohnungen sind geschmackvoll und komplett eingerichtet und harmonisch in die Umgebung eingebettet.\",\"breadcrumb\":{\"@id\":\"https:\/\/corfunorth.com\/de\/korfu-gebiet\/114-acharavi-beach-area\/#breadcrumb\"},\"inLanguage\":\"de\",\"potentialAction\":[{\"@type\":\"ReadAction\",\"target\":[\"https:\/\/corfunorth.com\/de\/korfu-gebiet\/114-acharavi-beach-area\/\"]}]},{\"@type\":\"ImageObject\",\"inLanguage\":\"de\",\"@id\":\"https:\/\/corfunorth.com\/de\/korfu-gebiet\/114-acharavi-beach-area\/#primaryimage\",\"url\":\"http:\/\/corfunorth.com\/wp-content\/uploads\/2013\/11\/01-acaharvi-150x150.jpg\",\"contentUrl\":\"http:\/\/corfunorth.com\/wp-content\/uploads\/2013\/11\/01-acaharvi-150x150.jpg\"},{\"@type\":\"BreadcrumbList\",\"@id\":\"https:\/\/corfunorth.com\/de\/korfu-gebiet\/114-acharavi-beach-area\/#breadcrumb\",\"itemListElement\":[{\"@type\":\"ListItem\",\"position\":1,\"name\":\"Home\",\"item\":\"https:\/\/corfunorth.com\/de\/\"},{\"@type\":\"ListItem\",\"position\":2,\"name\":\"Korfu Gebiet\",\"item\":\"https:\/\/corfunorth.com\/de\/korfu-gebiet\/\"},{\"@type\":\"ListItem\",\"position\":3,\"name\":\"Acharavi Lage\"}]},{\"@type\":\"WebSite\",\"@id\":\"https:\/\/corfunorth.com\/#website\",\"url\":\"https:\/\/corfunorth.com\/\",\"name\":\"Korfu Ferienwohnungen und Ferienh\u00e4user\",\"description\":\"Ulraub auf Korfu\",\"publisher\":{\"@id\":\"https:\/\/corfunorth.com\/#organization\"},\"potentialAction\":[{\"@type\":\"SearchAction\",\"target\":{\"@type\":\"EntryPoint\",\"urlTemplate\":\"https:\/\/corfunorth.com\/?s={search_term_string}\"},\"query-input\":{\"@type\":\"PropertyValueSpecification\",\"valueRequired\":true,\"valueName\":\"search_term_string\"}}],\"inLanguage\":\"de\"},{\"@type\":\"Organization\",\"@id\":\"https:\/\/corfunorth.com\/#organization\",\"name\":\"Corfu North | Holiday rentals in Corfu\",\"url\":\"https:\/\/corfunorth.com\/\",\"logo\":{\"@type\":\"ImageObject\",\"inLanguage\":\"de\",\"@id\":\"https:\/\/corfunorth.com\/#\/schema\/logo\/image\/\",\"url\":\"https:\/\/corfunorth.com\/wp-content\/uploads\/2014\/11\/corfunorth-logo.png\",\"contentUrl\":\"https:\/\/corfunorth.com\/wp-content\/uploads\/2014\/11\/corfunorth-logo.png\",\"width\":329,\"height\":85,\"caption\":\"Corfu North | Holiday rentals in Corfu\"},\"image\":{\"@id\":\"https:\/\/corfunorth.com\/#\/schema\/logo\/image\/\"},\"sameAs\":[\"https:\/\/www.facebook.com\/pages\/CorfuNorthCom\/214643511896070\"]}]}<\/script>\n<!-- \/ Yoast SEO plugin. -->","yoast_head_json":{"title":"Acharavi Lage | Korfu Ferienwohnungen und Ferienh\u00e4user","description":"Ferienhaus auf Korfu,Ferienhaus Korfu Ferienh\u00e4user auf Korfu Ferienh\u00e4user Korfu Ferienwohnung auf Korfu Ferienwohnungen Korfu Ferienwohnung Korfu, Ferienh\u00e4user, Ferienhaus in Strandn\u00e4he, F\u00e4hren, F\u00e4hre, Mietwagen, Fl\u00fcge, Flug, Mietauto, Wandern Wir sind spezialisiert auf den Norden der Insel Korfu und bieten Ihnen private Villen, Appartements, Studios und G\u00e4stezimmer zu attraktiven Preisen. Alle Ferienh\u00e4user und Ferienwohnungen sind geschmackvoll und komplett eingerichtet und harmonisch in die Umgebung eingebettet.","robots":{"index":"index","follow":"follow","max-snippet":"max-snippet:-1","max-image-preview":"max-image-preview:large","max-video-preview":"max-video-preview:-1"},"canonical":"https:\/\/corfunorth.com\/de\/korfu-gebiet\/114-acharavi-beach-area\/","og_locale":"de_DE","og_type":"article","og_title":"Acharavi Lage | Korfu Ferienwohnungen und Ferienh\u00e4user","og_description":"Ferienhaus auf Korfu,Ferienhaus Korfu Ferienh\u00e4user auf Korfu Ferienh\u00e4user Korfu Ferienwohnung auf Korfu Ferienwohnungen Korfu Ferienwohnung Korfu, Ferienh\u00e4user, Ferienhaus in Strandn\u00e4he, F\u00e4hren, F\u00e4hre, Mietwagen, Fl\u00fcge, Flug, Mietauto, Wandern Wir sind spezialisiert auf den Norden der Insel Korfu und bieten Ihnen private Villen, Appartements, Studios und G\u00e4stezimmer zu attraktiven Preisen. Alle Ferienh\u00e4user und Ferienwohnungen sind geschmackvoll und komplett eingerichtet und harmonisch in die Umgebung eingebettet.","og_url":"https:\/\/corfunorth.com\/de\/korfu-gebiet\/114-acharavi-beach-area\/","og_site_name":"Korfu Ferienwohnungen und Ferienh\u00e4user","article_publisher":"https:\/\/www.facebook.com\/pages\/CorfuNorthCom\/214643511896070","og_image":[{"url":"http:\/\/corfunorth.com\/wp-content\/uploads\/2013\/11\/01-acaharvi-150x150.jpg","type":"","width":"","height":""}],"twitter_misc":{"Gesch\u00e4tzte Lesezeit":"1\u00a0Minute"},"schema":{"@context":"https:\/\/schema.org","@graph":[{"@type":"WebPage","@id":"https:\/\/corfunorth.com\/de\/korfu-gebiet\/114-acharavi-beach-area\/","url":"https:\/\/corfunorth.com\/de\/korfu-gebiet\/114-acharavi-beach-area\/","name":"Acharavi Lage | Korfu Ferienwohnungen und Ferienh\u00e4user","isPartOf":{"@id":"https:\/\/corfunorth.com\/#website"},"primaryImageOfPage":{"@id":"https:\/\/corfunorth.com\/de\/korfu-gebiet\/114-acharavi-beach-area\/#primaryimage"},"image":{"@id":"https:\/\/corfunorth.com\/de\/korfu-gebiet\/114-acharavi-beach-area\/#primaryimage"},"thumbnailUrl":"http:\/\/corfunorth.com\/wp-content\/uploads\/2013\/11\/01-acaharvi-150x150.jpg","datePublished":"2013-12-13T07:53:25+00:00","description":"Ferienhaus auf Korfu,Ferienhaus Korfu Ferienh\u00e4user auf Korfu Ferienh\u00e4user Korfu Ferienwohnung auf Korfu Ferienwohnungen Korfu Ferienwohnung Korfu, Ferienh\u00e4user, Ferienhaus in Strandn\u00e4he, F\u00e4hren, F\u00e4hre, Mietwagen, Fl\u00fcge, Flug, Mietauto, Wandern Wir sind spezialisiert auf den Norden der Insel Korfu und bieten Ihnen private Villen, Appartements, Studios und G\u00e4stezimmer zu attraktiven Preisen. Alle Ferienh\u00e4user und Ferienwohnungen sind geschmackvoll und komplett eingerichtet und harmonisch in die Umgebung eingebettet.","breadcrumb":{"@id":"https:\/\/corfunorth.com\/de\/korfu-gebiet\/114-acharavi-beach-area\/#breadcrumb"},"inLanguage":"de","potentialAction":[{"@type":"ReadAction","target":["https:\/\/corfunorth.com\/de\/korfu-gebiet\/114-acharavi-beach-area\/"]}]},{"@type":"ImageObject","inLanguage":"de","@id":"https:\/\/corfunorth.com\/de\/korfu-gebiet\/114-acharavi-beach-area\/#primaryimage","url":"http:\/\/corfunorth.com\/wp-content\/uploads\/2013\/11\/01-acaharvi-150x150.jpg","contentUrl":"http:\/\/corfunorth.com\/wp-content\/uploads\/2013\/11\/01-acaharvi-150x150.jpg"},{"@type":"BreadcrumbList","@id":"https:\/\/corfunorth.com\/de\/korfu-gebiet\/114-acharavi-beach-area\/#breadcrumb","itemListElement":[{"@type":"ListItem","position":1,"name":"Home","item":"https:\/\/corfunorth.com\/de\/"},{"@type":"ListItem","position":2,"name":"Korfu Gebiet","item":"https:\/\/corfunorth.com\/de\/korfu-gebiet\/"},{"@type":"ListItem","position":3,"name":"Acharavi Lage"}]},{"@type":"WebSite","@id":"https:\/\/corfunorth.com\/#website","url":"https:\/\/corfunorth.com\/","name":"Korfu Ferienwohnungen und Ferienh\u00e4user","description":"Ulraub auf Korfu","publisher":{"@id":"https:\/\/corfunorth.com\/#organization"},"potentialAction":[{"@type":"SearchAction","target":{"@type":"EntryPoint","urlTemplate":"https:\/\/corfunorth.com\/?s={search_term_string}"},"query-input":{"@type":"PropertyValueSpecification","valueRequired":true,"valueName":"search_term_string"}}],"inLanguage":"de"},{"@type":"Organization","@id":"https:\/\/corfunorth.com\/#organization","name":"Corfu North | Holiday rentals in Corfu","url":"https:\/\/corfunorth.com\/","logo":{"@type":"ImageObject","inLanguage":"de","@id":"https:\/\/corfunorth.com\/#\/schema\/logo\/image\/","url":"https:\/\/corfunorth.com\/wp-content\/uploads\/2014\/11\/corfunorth-logo.png","contentUrl":"https:\/\/corfunorth.com\/wp-content\/uploads\/2014\/11\/corfunorth-logo.png","width":329,"height":85,"caption":"Corfu North | Holiday rentals in Corfu"},"image":{"@id":"https:\/\/corfunorth.com\/#\/schema\/logo\/image\/"},"sameAs":["https:\/\/www.facebook.com\/pages\/CorfuNorthCom\/214643511896070"]}]}},"_links":{"self":[{"href":"https:\/\/corfunorth.com\/de\/wp-json\/wp\/v2\/pages\/2266"}],"collection":[{"href":"https:\/\/corfunorth.com\/de\/wp-json\/wp\/v2\/pages"}],"about":[{"href":"https:\/\/corfunorth.com\/de\/wp-json\/wp\/v2\/types\/page"}],"author":[{"embeddable":true,"href":"https:\/\/corfunorth.com\/de\/wp-json\/wp\/v2\/users\/10002"}],"replies":[{"embeddable":true,"href":"https:\/\/corfunorth.com\/de\/wp-json\/wp\/v2\/comments?post=2266"}],"version-history":[{"count":1,"href":"https:\/\/corfunorth.com\/de\/wp-json\/wp\/v2\/pages\/2266\/revisions"}],"predecessor-version":[{"id":2267,"href":"https:\/\/corfunorth.com\/de\/wp-json\/wp\/v2\/pages\/2266\/revisions\/2267"}],"up":[{"embeddable":true,"href":"https:\/\/corfunorth.com\/de\/wp-json\/wp\/v2\/pages\/2212"}],"wp:attachment":[{"href":"https:\/\/corfunorth.com\/de\/wp-json\/wp\/v2\/media?parent=2266"}],"curies":[{"name":"wp","href":"https:\/\/api.w.org\/{rel}","templated":true}]}}